{"id":12311,"date":"2022-12-01T13:35:32","date_gmt":"2022-12-01T12:35:32","guid":{"rendered":"https:\/\/ibs-cad.net\/downloads\/ibs-cad-mechanical-2022-copy\/"},"modified":"2024-02-25T22:58:43","modified_gmt":"2024-02-25T21:58:43","slug":"ibs-cad-naturstein","status":"publish","type":"page","link":"https:\/\/ibs-cad.net\/en_eu\/downloads\/ibs-cad-naturstein\/","title":{"rendered":"IBS.Naturalstone"},"content":{"rendered":"<div data-elementor-type=\"wp-page\" data-elementor-id=\"12311\" class=\"elementor elementor-12311\" data-elementor-post-type=\"page\">\n\t\t\t\t\t\t<section class=\"has_ae_slider elementor-section elementor-top-section elementor-element elementor-element-527fc7e elementor-hidden-desktop elementor-hidden-tablet elementor-hidden-mobile elementor-section-boxed elementor-section-height-default elementor-section-height-default ae-bg-gallery-type-default\" data-id=\"527fc7e\" data-element_type=\"section\" data-e-type=\"section\">\n\t\t\t\t\t\t<div class=\"elementor-container elementor-column-gap-no\">\n\t\t\t\t\t<div class=\"has_ae_slider elementor-column elementor-col-100 elementor-top-column elementor-element elementor-element-1bb64ef ae-bg-gallery-type-default\" data-id=\"1bb64ef\" data-element_type=\"column\" data-e-type=\"column\">\n\t\t\t<div class=\"elementor-widget-wrap elementor-element-populated\">\n\t\t\t\t\t\t<div class=\"elementor-element elementor-element-f0da417 elementor-invisible elementor-widget elementor-widget-creote-title-v1\" data-id=\"f0da417\" data-element_type=\"widget\" data-e-type=\"widget\" data-settings=\"{&quot;_animation&quot;:&quot;fadeInUp&quot;}\" data-widget_type=\"creote-title-v1.default\">\n\t\t\t\t<div class=\"elementor-widget-container\">\n\t\t\t\t\t<div class=\"title_all_box style_one dark_color\">\r\n            <!-- Default title style -->\r\n        <div class=\"title_sections left\">\r\n                                        <div class=\"title\">\r\n                    IBS.CAD.Naturstein is the economical 2D\/3D CAD solution.<br>for all planning tasks in the natural stone sector.                <\/div>\r\n                                <\/div>\r\n        <!-- End of default title style -->\r\n\r\n    <\/div>\r\n\t\t\t\t<\/div>\n\t\t\t\t<\/div>\n\t\t\t\t<section class=\"has_ae_slider elementor-section elementor-inner-section elementor-element elementor-element-12ee87f elementor-section-boxed elementor-section-height-default elementor-section-height-default ae-bg-gallery-type-default\" data-id=\"12ee87f\" data-element_type=\"section\" data-e-type=\"section\" data-settings=\"{&quot;animation&quot;:&quot;none&quot;}\">\n\t\t\t\t\t\t<div class=\"elementor-container elementor-column-gap-default\">\n\t\t\t\t\t<div class=\"has_ae_slider elementor-column elementor-col-100 elementor-inner-column elementor-element elementor-element-10f6d1e ae-bg-gallery-type-default\" data-id=\"10f6d1e\" data-element_type=\"column\" data-e-type=\"column\">\n\t\t\t<div class=\"elementor-widget-wrap elementor-element-populated\">\n\t\t\t\t\t\t<div class=\"elementor-element elementor-element-800c110 elementor-invisible elementor-widget elementor-widget-creote-description-v1\" data-id=\"800c110\" data-element_type=\"widget\" data-e-type=\"widget\" data-settings=\"{&quot;_animation&quot;:&quot;fadeInUp&quot;}\" data-widget_type=\"creote-description-v1.default\">\n\t\t\t\t<div class=\"elementor-widget-container\">\n\t\t\t\t\t<div class=\"description_box\" >  <p>With IBS.CAD.Naturstein you can create working drawings, production documents and photorealistic images of grave sites, stairs, floors, bathrooms, kitchen worktops, facades, frames, tracery, balustrades, fountains, tables, benches...etc.\n<\/p> <\/div>\r\n\t\t\t\t<\/div>\n\t\t\t\t<\/div>\n\t\t\t\t<div class=\"elementor-element elementor-element-73d245c elementor-invisible elementor-widget elementor-widget-text-editor\" data-id=\"73d245c\" data-element_type=\"widget\" data-e-type=\"widget\" data-settings=\"{&quot;_animation&quot;:&quot;fadeInUp&quot;}\" data-widget_type=\"text-editor.default\">\n\t\t\t\t<div class=\"elementor-widget-container\">\n\t\t\t\t\t\t\t\t\tIt is the universal planning tool for the stonemasonry industry.\t\t\t\t\t\t\t\t<\/div>\n\t\t\t\t<\/div>\n\t\t\t\t<div class=\"elementor-element elementor-element-b417e28 elementor-invisible elementor-widget elementor-widget-creote-content-box-v1\" data-id=\"b417e28\" data-element_type=\"widget\" data-e-type=\"widget\" data-settings=\"{&quot;_animation&quot;:&quot;fadeInUp&quot;}\" data-widget_type=\"creote-content-box-v1.default\">\n\t\t\t\t<div class=\"elementor-widget-container\">\n\t\t\t\t\t    \r\n  <div class=\"content_box_cn style_one\"\r\n    >\r\n \r\n        <div class=\"txt_content\">\r\n                            <div class=\"contentitle\">\r\n                    <a href=\"\"  >\r\n                        Drawing structure \/ drawing resources as in AutoCAD\u00ae                    <\/a>\r\n                <\/div>\r\n                                        <p>\r\n                    - Model space, layout space<br>\n- Layers, line types, hatch patterns<br>\n- Dimension styles, text styles, table styles, plot style tables,...                <\/p>\r\n                    <\/div>\r\n    \r\n<\/div>\r\n  \r\n\t\t\t\t<\/div>\n\t\t\t\t<\/div>\n\t\t\t\t<div class=\"elementor-element elementor-element-0ac0db9 elementor-invisible elementor-widget elementor-widget-creote-content-box-v1\" data-id=\"0ac0db9\" data-element_type=\"widget\" data-e-type=\"widget\" data-settings=\"{&quot;_animation&quot;:&quot;fadeInUp&quot;}\" data-widget_type=\"creote-content-box-v1.default\">\n\t\t\t\t<div class=\"elementor-widget-container\">\n\t\t\t\t\t    \r\n  <div class=\"content_box_cn style_one\"\r\n    >\r\n \r\n        <div class=\"txt_content\">\r\n                            <div class=\"contentitle\">\r\n                    <a href=\"\"  >\r\n                        Maximum compatibility (DWG \/ DXF).\n                    <\/a>\r\n                <\/div>\r\n                                        <p>\r\n                    All DWG \/ DXF files from the last few decades can be edited 1:1.\n                <\/p>\r\n                    <\/div>\r\n    \r\n<\/div>\r\n  \r\n\t\t\t\t<\/div>\n\t\t\t\t<\/div>\n\t\t\t\t<div class=\"elementor-element elementor-element-fb7c328 elementor-invisible elementor-widget elementor-widget-creote-content-box-v1\" data-id=\"fb7c328\" data-element_type=\"widget\" data-e-type=\"widget\" data-settings=\"{&quot;_animation&quot;:&quot;fadeInUp&quot;}\" data-widget_type=\"creote-content-box-v1.default\">\n\t\t\t\t<div class=\"elementor-widget-container\">\n\t\t\t\t\t    \r\n  <div class=\"content_box_cn style_one\"\r\n    >\r\n \r\n        <div class=\"txt_content\">\r\n                            <div class=\"contentitle\">\r\n                    <a href=\"\"  >\r\n                        \nData transfer to CNC machines and 3D printers via DXF, STL and SAT.                    <\/a>\r\n                <\/div>\r\n                                <\/div>\r\n    \r\n<\/div>\r\n  \r\n\t\t\t\t<\/div>\n\t\t\t\t<\/div>\n\t\t\t\t<div class=\"elementor-element elementor-element-ed71e03 elementor-invisible elementor-widget elementor-widget-creote-content-box-v1\" data-id=\"ed71e03\" data-element_type=\"widget\" data-e-type=\"widget\" data-settings=\"{&quot;_animation&quot;:&quot;fadeInUp&quot;}\" data-widget_type=\"creote-content-box-v1.default\">\n\t\t\t\t<div class=\"elementor-widget-container\">\n\t\t\t\t\t    \r\n  <div class=\"content_box_cn style_one\"\r\n    >\r\n \r\n        <div class=\"txt_content\">\r\n                            <div class=\"contentitle\">\r\n                    <a href=\"\"  >\r\n                        Integrated rendering module for photorealistic presentations: Stunning image quality!                    <\/a>\r\n                <\/div>\r\n                                <\/div>\r\n    \r\n<\/div>\r\n  \r\n\t\t\t\t<\/div>\n\t\t\t\t<\/div>\n\t\t\t\t<div class=\"elementor-element elementor-element-a27a636 elementor-invisible elementor-widget elementor-widget-creote-content-box-v1\" data-id=\"a27a636\" data-element_type=\"widget\" data-e-type=\"widget\" data-settings=\"{&quot;_animation&quot;:&quot;fadeInUp&quot;}\" data-widget_type=\"creote-content-box-v1.default\">\n\t\t\t\t<div class=\"elementor-widget-container\">\n\t\t\t\t\t    \r\n  <div class=\"content_box_cn style_one\"\r\n    >\r\n \r\n        <div class=\"txt_content\">\r\n                            <div class=\"contentitle\">\r\n                    <a href=\"\"  >\r\n                        Simple, intuitive operation                    <\/a>\r\n                <\/div>\r\n                                        <p>\r\n                    The program comes with a basic video course (7 videos, totaling 3.5 hours of video). This allows even those without prior CAD experience to work productively with IBS.CAD.Naturstein from day one. We also offer a subsequent, customized 8-hour advanced course. This course is typically conducted online as company-specific training (two 4-hour sessions over a period of 1-2 weeks). \n<br>However, it can also be conducted in our training rooms in Liechtenstein or at your company premises.<br><br>                <\/p>\r\n                    <\/div>\r\n    \r\n<\/div>\r\n  \r\n\t\t\t\t<\/div>\n\t\t\t\t<\/div>\n\t\t\t\t<div class=\"elementor-element elementor-element-1756dcb elementor-invisible elementor-widget elementor-widget-heading\" data-id=\"1756dcb\" data-element_type=\"widget\" data-e-type=\"widget\" data-settings=\"{&quot;_animation&quot;:&quot;fadeInUp&quot;}\" data-widget_type=\"heading.default\">\n\t\t\t\t<div class=\"elementor-widget-container\">\n\t\t\t\t\t<h4 class=\"elementor-heading-title elementor-size-default\">The program is available in 3 versions:<\/h4>\t\t\t\t<\/div>\n\t\t\t\t<\/div>\n\t\t\t\t<div class=\"elementor-element elementor-element-f004ee8 elementor-invisible elementor-widget elementor-widget-creote-content-box-v1\" data-id=\"f004ee8\" data-element_type=\"widget\" data-e-type=\"widget\" data-settings=\"{&quot;_animation&quot;:&quot;fadeInUp&quot;}\" data-widget_type=\"creote-content-box-v1.default\">\n\t\t\t\t<div class=\"elementor-widget-container\">\n\t\t\t\t\t    \r\n  <div class=\"content_box_cn style_one\"\r\n    >\r\n \r\n        <div class=\"txt_content\">\r\n                                        <p>\r\n                    IBS.CAD.Natural Stone.GRATUFLOWER                <\/p>\r\n                    <\/div>\r\n    \r\n<\/div>\r\n  \r\n\t\t\t\t<\/div>\n\t\t\t\t<\/div>\n\t\t\t\t<div class=\"elementor-element elementor-element-e7e3040 elementor-invisible elementor-widget elementor-widget-creote-content-box-v1\" data-id=\"e7e3040\" data-element_type=\"widget\" data-e-type=\"widget\" data-settings=\"{&quot;_animation&quot;:&quot;fadeInUp&quot;}\" data-widget_type=\"creote-content-box-v1.default\">\n\t\t\t\t<div class=\"elementor-widget-container\">\n\t\t\t\t\t    \r\n  <div class=\"content_box_cn style_one\"\r\n    >\r\n \r\n        <div class=\"txt_content\">\r\n                                        <p>\r\n                    IBS.CAD.Natural Stone.Construction                <\/p>\r\n                    <\/div>\r\n    \r\n<\/div>\r\n  \r\n\t\t\t\t<\/div>\n\t\t\t\t<\/div>\n\t\t\t\t<div class=\"elementor-element elementor-element-e7b69fe elementor-invisible elementor-widget elementor-widget-creote-content-box-v1\" data-id=\"e7b69fe\" data-element_type=\"widget\" data-e-type=\"widget\" data-settings=\"{&quot;_animation&quot;:&quot;fadeInUp&quot;}\" data-widget_type=\"creote-content-box-v1.default\">\n\t\t\t\t<div class=\"elementor-widget-container\">\n\t\t\t\t\t    \r\n  <div class=\"content_box_cn style_one\"\r\n    >\r\n \r\n        <div class=\"txt_content\">\r\n                                        <p>\r\n                    IBS.CAD.NaturalStone.PRO (GRAMELVES + CONSTRUCTION)                <\/p>\r\n                    <\/div>\r\n    \r\n<\/div>\r\n  \r\n\t\t\t\t<\/div>\n\t\t\t\t<\/div>\n\t\t\t\t\t<\/div>\n\t\t<\/div>\n\t\t\t\t\t<\/div>\n\t\t<\/section>\n\t\t\t\t\t<\/div>\n\t\t<\/div>\n\t\t\t\t\t<\/div>\n\t\t<\/section>\n\t\t\t\t<section class=\"has_ae_slider elementor-section elementor-top-section elementor-element elementor-element-82c5027 elementor-section-full_width elementor-section-height-default elementor-section-height-default ae-bg-gallery-type-default\" data-id=\"82c5027\" data-element_type=\"section\" data-e-type=\"section\" data-settings=\"{&quot;background_background&quot;:&quot;classic&quot;}\">\n\t\t\t\t\t\t\t<div class=\"elementor-background-overlay\"><\/div>\n\t\t\t\t\t\t\t<div class=\"elementor-container elementor-column-gap-no\">\n\t\t\t\t\t<div class=\"has_ae_slider elementor-column elementor-col-100 elementor-top-column elementor-element elementor-element-be1a4c8 ae-bg-gallery-type-default\" data-id=\"be1a4c8\" data-element_type=\"column\" data-e-type=\"column\" data-settings=\"{&quot;animation&quot;:&quot;none&quot;}\">\n\t\t\t<div class=\"elementor-widget-wrap elementor-element-populated\">\n\t\t\t\t\t\t<div class=\"elementor-element elementor-element-4572133 elementor-widget elementor-widget-heading\" data-id=\"4572133\" data-element_type=\"widget\" data-e-type=\"widget\" data-settings=\"{&quot;_animation&quot;:&quot;none&quot;}\" data-widget_type=\"heading.default\">\n\t\t\t\t<div class=\"elementor-widget-container\">\n\t\t\t\t\t<h2 class=\"elementor-heading-title elementor-size-default\">The test version for IBS.Naturstein is only available directly from IBS AG after a prior online presentation.<\/h2>\t\t\t\t<\/div>\n\t\t\t\t<\/div>\n\t\t\t\t<div class=\"elementor-element elementor-element-dd1b257 elementor-widget elementor-widget-creote-text-editor-v1\" data-id=\"dd1b257\" data-element_type=\"widget\" data-e-type=\"widget\" data-settings=\"{&quot;_animation&quot;:&quot;none&quot;}\" data-widget_type=\"creote-text-editor-v1.default\">\n\t\t\t\t<div class=\"elementor-widget-container\">\n\t\t\t\t\t   <div class=\"position-relative\">\r\n        <p>Phone: <a href=\"tel:004233767272\">+423 376 72 72<\/a><\/p><p>E-mail: <a href=\"mailto:info@ibs-cad.net\">info@ibs-cad.net<\/a><\/p>    <\/div>\r\n\t\t\t\t<\/div>\n\t\t\t\t<\/div>\n\t\t\t\t<div class=\"elementor-element elementor-element-306ff72 elementor-align-center elementor-widget elementor-widget-button\" data-id=\"306ff72\" data-element_type=\"widget\" data-e-type=\"widget\" data-settings=\"{&quot;_animation&quot;:&quot;none&quot;}\" data-widget_type=\"button.default\">\n\t\t\t\t<div class=\"elementor-widget-container\">\n\t\t\t\t\t\t\t\t\t<div class=\"elementor-button-wrapper\">\n\t\t\t\t\t<a class=\"elementor-button elementor-button-link elementor-size-sm\" href=\"https:\/\/ibs-cad.net\/en_eu\/online-praesentation-anfordern\/\">\n\t\t\t\t\t\t<span class=\"elementor-button-content-wrapper\">\n\t\t\t\t\t\t\t\t\t<span class=\"elementor-button-text\">Request an online presentation<\/span>\n\t\t\t\t\t<\/span>\n\t\t\t\t\t<\/a>\n\t\t\t\t<\/div>\n\t\t\t\t\t\t\t\t<\/div>\n\t\t\t\t<\/div>\n\t\t\t\t\t<\/div>\n\t\t<\/div>\n\t\t\t\t\t<\/div>\n\t\t<\/section>\n\t\t\t\t<\/div>","protected":false},"excerpt":{"rendered":"<p>IBS.CAD.Naturstein ist die wirtschaftliche 2D\/3D CAD-L\u00f6sungf\u00fcr alle Planungsaufgaben im Naturwerksteinbereich. Mit IBS.CAD.Naturstein erstellen Sie Werkzeichnungen, Produktionsunterlagen und fotorealistische Bilder von Grabanlagen, Treppen, B\u00f6den, B\u00e4dern, K\u00fcchenarbeitsplatten, Fassaden, Rahmungen, Ma\u00dfwerken, Br\u00fcstungen, Brunnenanlagen, Tischen, B\u00e4nken&#8230;etc. Es ist das universelle Planungswerkzeug f\u00fcr die Steinmetzbranche. Zeichnungsstruktur \/ Zeichnungsressourcen wie in AutoCAD\u00ae &#8211; Modellbereich, Layoutbereich &#8211; Layer, Linientypen, Schraffurmuster &#8211; Bema\u00dfungsstile, [&hellip;]<\/p>\n","protected":false},"author":2,"featured_media":0,"parent":6153,"menu_order":0,"comment_status":"closed","ping_status":"closed","template":"","meta":{"_acf_changed":false,"_monsterinsights_skip_tracking":false,"_monsterinsights_sitenote_active":false,"_monsterinsights_sitenote_note":"","_monsterinsights_sitenote_category":0,"footnotes":""},"class_list":["post-12311","page","type-page","status-publish","hentry"],"acf":[],"_links":{"self":[{"href":"https:\/\/ibs-cad.net\/en_eu\/wp-json\/wp\/v2\/pages\/12311","targetHints":{"allow":["GET"]}}],"collection":[{"href":"https:\/\/ibs-cad.net\/en_eu\/wp-json\/wp\/v2\/pages"}],"about":[{"href":"https:\/\/ibs-cad.net\/en_eu\/wp-json\/wp\/v2\/types\/page"}],"author":[{"embeddable":true,"href":"https:\/\/ibs-cad.net\/en_eu\/wp-json\/wp\/v2\/users\/2"}],"replies":[{"embeddable":true,"href":"https:\/\/ibs-cad.net\/en_eu\/wp-json\/wp\/v2\/comments?post=12311"}],"version-history":[{"count":0,"href":"https:\/\/ibs-cad.net\/en_eu\/wp-json\/wp\/v2\/pages\/12311\/revisions"}],"up":[{"embeddable":true,"href":"https:\/\/ibs-cad.net\/en_eu\/wp-json\/wp\/v2\/pages\/6153"}],"wp:attachment":[{"href":"https:\/\/ibs-cad.net\/en_eu\/wp-json\/wp\/v2\/media?parent=12311"}],"curies":[{"name":"wp","href":"https:\/\/api.w.org\/{rel}","templated":true}]}}