{"id":3,"date":"2022-08-15T18:35:01","date_gmt":"2022-08-15T16:35:01","guid":{"rendered":"https:\/\/ibs-cad.net\/?page_id=3"},"modified":"2022-12-09T08:53:27","modified_gmt":"2022-12-09T07:53:27","slug":"datenschutzerklaerung","status":"publish","type":"page","link":"https:\/\/ibs-cad.net\/en_eu\/datenschutzerklaerung\/","title":{"rendered":"Privacy Policy"},"content":{"rendered":"<div data-elementor-type=\"wp-page\" data-elementor-id=\"3\" class=\"elementor elementor-3\" data-elementor-post-type=\"page\">\n\t\t\t\t\t\t<section class=\"has_ae_slider elementor-section elementor-top-section elementor-element elementor-element-b35bd1d elementor-section-boxed elementor-section-height-default elementor-section-height-default ae-bg-gallery-type-default\" data-id=\"b35bd1d\" data-element_type=\"section\" data-e-type=\"section\">\n\t\t\t\t\t\t<div class=\"elementor-container elementor-column-gap-no\">\n\t\t\t\t\t<div class=\"has_ae_slider elementor-column elementor-col-100 elementor-top-column elementor-element elementor-element-8810fe3 ae-bg-gallery-type-default\" data-id=\"8810fe3\" data-element_type=\"column\" data-e-type=\"column\">\n\t\t\t<div class=\"elementor-widget-wrap elementor-element-populated\">\n\t\t\t\t\t\t<div class=\"elementor-element elementor-element-82b1865 elementor-invisible elementor-widget elementor-widget-text-editor\" data-id=\"82b1865\" data-element_type=\"widget\" data-e-type=\"widget\" data-settings=\"{&quot;_animation&quot;:&quot;fadeInUp&quot;}\" data-widget_type=\"text-editor.default\">\n\t\t\t\t<div class=\"elementor-widget-container\">\n\t\t\t\t\t\t\t\t\t<h3>Privacy Policy<\/h3><p>Our processing of our users&#039; personal data is limited to the data necessary for providing a functional website and our content and services. We process our users&#039; personal data only for the purposes listed below and only when a legal basis (within the meaning of the GDPR) exists. We only collect personal data that is actually necessary for carrying out and processing our tasks and services or that you have voluntarily provided to us.<\/p><h3>I. Name and address of the controller and the data protection officer<\/h3><p>The controller within the meaning of the General Data Protection Regulation (GDPR) is:<\/p><p>IBS AG, Churer Strasse 1 in 9485 Nendeln, Liechtenstein<\/p><p>Tel.: +423 376 72 72<\/p><p>Email: info@ibs-cad.net<\/p><p>Website: https:\/\/ibs-cad.net\/<\/p><p>The company data protection officer of IBS AG can be reached at the above address, c\/o Martin Schlattner, or at info@ibs-cad.net.<\/p><h3>II. Description and scope of data processing<\/h3><h3>1. Provision of the website<\/h3><table><tbody><tr><td width=\"139\">Visitor and usage data<\/td><td width=\"465\"><p>Each time our website is accessed, our system automatically collects data and information from the computer system of the accessing computer.<\/p><p>The following data is collected:<\/p><p><em>\u00a0 x\u00a0 <\/em><em> \u00a0\u00a0\u00a0\u00a0\u00a0 \u00a0 <\/em><em>Information about the browser type and version used<\/em><\/p><p><em>\u00a0 x\u00a0 <\/em><em>\u00a0\u00a0\u00a0\u00a0\u00a0\u00a0\u00a0 The user&#039;s operating system<\/em><\/p><p><em>\u00a0 x\u00a0 <\/em><em>\u00a0\u00a0\u00a0\u00a0\u00a0\u00a0\u00a0 The user&#039;s internet service provider<\/em><\/p><p><em>\u00a0 x\u00a0 <\/em><em>\u00a0\u00a0\u00a0\u00a0\u00a0\u00a0\u00a0 The user&#039;s IP address<\/em><\/p><p><em>\u00a0 x\u00a0 <\/em><em>\u00a0\u00a0\u00a0\u00a0\u00a0\u00a0\u00a0 Date and time of access<\/em><\/p><p><em>\u00a0 x\u00a0 <\/em><em>\u00a0\u00a0\u00a0\u00a0\u00a0\u00a0\u00a0 Websites from which the user&#039;s system accessed our website <\/em><\/p><p>We store this information for a maximum period of <em>31 <\/em>days. Storage is carried out for data security reasons, to ensure the stability and operational reliability of our system.<\/p><\/td><\/tr><tr><td width=\"139\">\u00a0<\/td><td width=\"465\"><p>We may analyze the use of our website using a web analytics tool. This is solely for the purpose of optimizing the website in terms of user-friendliness and providing useful information about our services. This data will not be combined with other personal data sources or shared with third parties.<\/p><p>The legal basis for the temporary storage of the data and log files is Art. 6 para. 1 lit. f GDPR.<\/p><p>No personal data is analyzed. The analyses are based on anonymized datasets.<\/p><p>The statistical analyses are used for <em>6 months<\/em> stored.<\/p><\/td><\/tr><\/tbody><\/table><h3>2. Cookies<\/h3><p>We use cookies on our website to make our services more user-friendly. Cookies are small files that your browser automatically creates and stores on your device (laptop, tablet, smartphone, etc.) when you visit our site. The cookies remain stored until you delete them. This allows us to recognize your browser on your next visit.<\/p><p>If you do not wish to allow cookies, you can configure your browser to notify you when cookies are being set and allow them on a case-by-case basis. However, please note that disabling cookies will prevent you from using all the features of our website.<\/p><p>The legal basis for the data processed by cookies is Art. 6 para. 1 lit. f GDPR.<\/p><p>The cookies are retained for <em>at least 28 days <\/em>their validity and are subsequently deleted by your browser.<\/p><h3>3. Contact form<\/h3><p>If you fill out a contact form or send us an email or other electronic message, your information will only be stored and used for processing the request, any related follow-up questions, and only within the scope of the request.<\/p><p>The legal basis for processing your request is Art. 6 para. 1 lit. a or b GDPR.<\/p><p>We will delete your personal data after your request has been processed.<\/p><h3>4. Newsletter<\/h3><p>When you subscribe to our newsletter, we will immediately send an email to the specified email address containing a hyperlink. By clicking on this link, you confirm your newsletter subscription (double opt-in procedure).<\/p><p>By confirming your newsletter subscription, you consent to the storage of your email address, including the date of registration, IP address, and the name of the newsletter you have requested. We will use your email address and the personal data collected at the same time solely for managing and sending you the newsletter you have requested, at the frequency specified during registration.<\/p><p>Our newsletters do not contain any obvious or hidden tracking pixels, third-party advertising, or links to external websites that are not directly related to the content of our newsletter.<\/p><p>The legal basis for sending you a newsletter is Art. 6 para. 1 lit. a GDPR.<\/p><p>Each newsletter contains instructions on how to unsubscribe from the newsletter.<\/p><h3>5. File downloads (e.g. software)<\/h3><p>We do not share your email address, which you are required to provide on our website for downloads, with third parties. We use this <em>to send you information regarding the downloaded software<\/em>This is done to a reasonable extent and not excessively.<\/p><h3>III. Data Security<\/h3><p>During your visit to our website, we use the highest level of encryption supported by your browser. You can recognize whether a particular page of our website is transmitted in encrypted form by the closed padlock symbol in your browser&#039;s address bar.<\/p><p>Furthermore, we implement additional appropriate technical and organizational security measures to protect your data against accidental or intentional manipulation, partial or complete loss, destruction, or unauthorized access by third parties. Our security measures are continuously improved in line with technological developments.<\/p><h3>IV. Your rights (data subject rights)<\/h3><p>You have the right to request information about your personal data processed by us. In particular, you can request information about the purposes of the processing, the categories of personal data, the categories of recipients to whom your data has been or will be disclosed, the planned storage period, the existence of a right to rectification, erasure, restriction of processing or objection, data portability, the origin of your data if it was not collected by us, and the existence of automated decision-making, including profiling.<\/p><p>You also have the right to revoke any consent you may have given for the use of your personal data at any time.<\/p><p>You can assert your aforementioned rights at any time by contacting us at the address provided.<\/p><p>If you believe that our processing of your personal data is in violation of applicable data protection regulations, you have the right to lodge a complaint with the Data Protection Authority of the Principality of Liechtenstein.<\/p>\t\t\t\t\t\t\t\t<\/div>\n\t\t\t\t<\/div>\n\t\t\t\t\t<\/div>\n\t\t<\/div>\n\t\t\t\t\t<\/div>\n\t\t<\/section>\n\t\t\t\t<\/div>","protected":false},"excerpt":{"rendered":"<p>Datenschutzerkl\u00e4rung Unsere Verarbeitung personenbezogener Daten unserer Nutzer beschr\u00e4nkt sich auf jene Daten, die zur Bereitstellung einer funktionsf\u00e4higen Internetseite sowie unserer Inhalte und Leistungen erforderlich sind. Die Verarbeitung personenbezogener Daten unserer Nutzer erfolgt nur zu den unten aufgef\u00fchrten Zwecken und wenn eine rechtliche Grundlage (im Sinn der DSGVO) vorliegt. Es werden nur solche personenbezogenen Daten erhoben, [&hellip;]<\/p>\n","protected":false},"author":2,"featured_media":0,"parent":0,"menu_order":0,"comment_status":"closed","ping_status":"open","template":"","meta":{"_acf_changed":false,"_monsterinsights_skip_tracking":false,"_monsterinsights_sitenote_active":false,"_monsterinsights_sitenote_note":"","_monsterinsights_sitenote_category":0,"footnotes":""},"class_list":["post-3","page","type-page","status-publish","hentry"],"acf":[],"_links":{"self":[{"href":"https:\/\/ibs-cad.net\/en_eu\/wp-json\/wp\/v2\/pages\/3","targetHints":{"allow":["GET"]}}],"collection":[{"href":"https:\/\/ibs-cad.net\/en_eu\/wp-json\/wp\/v2\/pages"}],"about":[{"href":"https:\/\/ibs-cad.net\/en_eu\/wp-json\/wp\/v2\/types\/page"}],"author":[{"embeddable":true,"href":"https:\/\/ibs-cad.net\/en_eu\/wp-json\/wp\/v2\/users\/2"}],"replies":[{"embeddable":true,"href":"https:\/\/ibs-cad.net\/en_eu\/wp-json\/wp\/v2\/comments?post=3"}],"version-history":[{"count":0,"href":"https:\/\/ibs-cad.net\/en_eu\/wp-json\/wp\/v2\/pages\/3\/revisions"}],"wp:attachment":[{"href":"https:\/\/ibs-cad.net\/en_eu\/wp-json\/wp\/v2\/media?parent=3"}],"curies":[{"name":"wp","href":"https:\/\/api.w.org\/{rel}","templated":true}]}}